{"id":232,"date":"2022-09-29T07:58:14","date_gmt":"2022-09-29T07:58:14","guid":{"rendered":"https:\/\/websofinfluence.com\/?page_id=232"},"modified":"2022-09-29T07:58:55","modified_gmt":"2022-09-29T07:58:55","slug":"mentions-legales","status":"publish","type":"page","link":"https:\/\/websofinfluence.com\/de\/legale-erwahnungen\/","title":{"rendered":"Rechtliche Hinweise"},"content":{"rendered":"<h2 class=\"wp-block-heading\">IDENTIT\u00c4T<\/h2>\n\n\n\n<p>Name der Website: WebsofInfluence <br>Adresse der Website : <a href=\"https:\/\/websofinfluence.com\/de\/\">https:\/\/websofinfluence.com\/<\/a><\/p>\n\n\n\n<p>Unterkunft : Godaddy - 14455 N. Hayden Rd., Ste. 226, Scottsdale, USA<\/p>\n\n\n\n<h3 class=\"wp-block-heading\">EIGENT\u00dcMER &amp; PUBLIKATIONSVERANTWORTLICHER<\/h3>\n\n\n\n<figure class=\"wp-block-image size-full is-resized\"><img loading=\"lazy\" decoding=\"async\" src=\"https:\/\/websofinfluence.com\/wp-content\/uploads\/2022\/09\/img222.jpg\" alt=\"\" class=\"wp-image-233\" width=\"448\" height=\"56\"\/><\/figure>\n\n\n\n<hr class=\"wp-block-separator has-alpha-channel-opacity\"\/>\n\n\n\n<h2 class=\"wp-block-heading\">NUTZUNGSBEDINGUNGEN<\/h2>\n\n\n\n<p>Die Nutzung der vorliegenden Website setzt die vollst\u00e4ndige und uneingeschr\u00e4nkte Annahme der nachstehend beschriebenen allgemeinen Nutzungsbedingungen voraus. Diese Nutzungsbedingungen k\u00f6nnen jederzeit ge\u00e4ndert oder erg\u00e4nzt werden.<\/p>\n\n\n\n<h3 class=\"wp-block-heading\">INFORMATIONEN<\/h3>\n\n\n\n<p>Die Informationen und Dokumente auf der Website dienen lediglich der Information, haben keinen ersch\u00f6pfenden Charakter und k\u00f6nnen nicht zur Verantwortung gezogen werden.<\/p>\n\n\n\n<p>Der Eigent\u00fcmer der Seite haftet nicht f\u00fcr direkte oder indirekte Sch\u00e4den, die aus dem Zugriff auf die Seite resultieren.<\/p>\n\n\n\n<h3 class=\"wp-block-heading\">INTERAKTIVIT\u00c4T<\/h3>\n\n\n\n<p>Die Nutzer der Website k\u00f6nnen Inhalte hinterlegen, die auf der Website in daf\u00fcr vorgesehenen Bereichen erscheinen (insbesondere \u00fcber die Kommentare). Die Verantwortung f\u00fcr diese Inhalte liegt bei den Autoren, die auch die volle rechtliche Verantwortung daf\u00fcr tragen.<\/p>\n\n\n\n<p>Der Eigent\u00fcmer der Seite beh\u00e4lt sich jedoch das Recht vor, von Nutzern eingereichte Inhalte, die nicht den ethischen Richtlinien der Seite oder den geltenden Gesetzen entsprechen, ohne Vorank\u00fcndigung und ohne Begr\u00fcndung zu entfernen.<\/p>\n\n\n\n<h3 class=\"wp-block-heading\">GEISTIGES EIGENTUM<\/h3>\n\n\n\n<p>Sofern nicht anders angegeben, bleiben alle auf der Website zug\u00e4nglichen Elemente (Texte, Bilder, Grafiken, Logos, Icons, T\u00f6ne, Software usw.) hinsichtlich der geistigen Eigentumsrechte oder der Nutzungsrechte das ausschlie\u00dfliche Eigentum ihrer Autoren.&nbsp;<sup><a href=\"https:\/\/www.webexpress.fr\/actualite\/focus\/modele-de-mentions-legales-complet-et-gratuit\/#fn-7013-1\">1<\/a><\/sup><\/p>\n\n\n\n<p>Jede Vervielf\u00e4ltigung, Darstellung, \u00c4nderung, Ver\u00f6ffentlichung und Anpassung aller oder eines Teils der Elemente der Website, unabh\u00e4ngig von den verwendeten Mitteln oder Verfahren, ist ohne vorherige schriftliche Genehmigung des Autors untersagt.<\/p>\n\n\n\n<p>Jede nicht genehmigte Nutzung der Website oder eines ihrer Elemente gilt als F\u00e4lschung und wird strafrechtlich verfolgt.<\/p>\n\n\n\n<p>Die auf der Website wiedergegebenen Marken und Logos sind von den Unternehmen, die ihre Eigent\u00fcmer sind, registriert.<\/p>\n\n\n\n<h3 class=\"wp-block-heading\">LINKS<\/h3>\n\n\n\n<p><strong>Ausgehende Links<\/strong><br>Der Eigent\u00fcmer der Website lehnt jede Verantwortung ab und ist nicht verpflichtet, \u00fcber Hyperlinks auf Ressourcen Dritter im Internet zu verweisen, sowohl was deren Inhalt als auch deren Relevanz betrifft.<\/p>\n\n\n\n<p><strong>Eingehende Links<\/strong><br>Der Eigent\u00fcmer der Website erlaubt Hyperlinks zu einer der Seiten dieser Website, sofern diese ein neues Fenster \u00f6ffnen und unmissverst\u00e4ndlich dargestellt werden, um zu verhindern, dass :<\/p>\n\n\n\n<ul class=\"wp-block-list\"><li>jegliche Verwechslungsgefahr zwischen der zitierenden Seite und dem Besitzer der Seite<\/li><li>sowie jede tendenzi\u00f6se Darstellung oder jede Darstellung, die gegen geltende Gesetze verst\u00f6\u00dft.<\/li><\/ul>\n\n\n\n<p>Der Besitzer der Seite beh\u00e4lt sich das Recht vor, die Entfernung eines Links zu verlangen, wenn er der Meinung ist, dass die Quellseite die so definierten Regeln nicht einh\u00e4lt.<\/p>\n\n\n\n<h3 class=\"wp-block-heading\">DATENSCHUTZ<\/h3>\n\n\n\n<p>Jeder Nutzer hat das Recht, auf die ihn betreffenden pers\u00f6nlichen Daten zuzugreifen, sie zu berichtigen und dagegen Einspruch zu erheben, indem er einen schriftlichen und unterschriebenen Antrag stellt, dem ein Identit\u00e4tsnachweis beiliegt.<\/p>\n\n\n\n<p>Die Website sammelt keine personenbezogenen Daten und unterliegt nicht der Meldepflicht bei der CNIL. (Ersetzt durch die Bestimmungen der DSGVO)<\/p>","protected":false},"excerpt":{"rendered":"<p>IDENTIT\u00c9 Nom du site web : WebsofInfluence Adresse du site : https:\/\/websofinfluence.com\/ H\u00e9bergement : Godaddy &#8211; 14455 N. Hayden Rd., Ste. 226, Scottsdale, USA PROPRI\u00c9TAIRE &amp; RESPONSABLE DE PUBLICATION CONDITIONS D\u2019UTILISATION L\u2019utilisation du pr\u00e9sent site implique l\u2019acceptation pleine et enti\u00e8re des conditions g\u00e9n\u00e9rales d\u2019utilisation d\u00e9crites ci-apr\u00e8s. Ces conditions d\u2019utilisation sont susceptibles d\u2019\u00eatre modifi\u00e9es ou compl\u00e9t\u00e9es [&hellip;]<\/p>\n","protected":false},"author":1,"featured_media":0,"parent":0,"menu_order":0,"comment_status":"closed","ping_status":"closed","template":"","meta":{"_et_pb_use_builder":"","_et_pb_old_content":"","_et_gb_content_width":"","_coblocks_attr":"","_coblocks_dimensions":"","_coblocks_responsive_height":"","_coblocks_accordion_ie_support":"","footnotes":""},"class_list":["post-232","page","type-page","status-publish","hentry"],"yoast_head":"<!-- This site is optimized with the Yoast SEO plugin v27.5 - https:\/\/yoast.com\/product\/yoast-seo-wordpress\/ -->\n<title>Mentions l\u00e9gales - Webs of Influence<\/title>\n<meta name=\"robots\" content=\"index, follow, max-snippet:-1, max-image-preview:large, max-video-preview:-1\" \/>\n<link rel=\"canonical\" href=\"https:\/\/websofinfluence.com\/de\/legale-erwahnungen\/\" \/>\n<meta property=\"og:locale\" content=\"de_DE\" \/>\n<meta property=\"og:type\" content=\"article\" \/>\n<meta property=\"og:title\" content=\"Mentions l\u00e9gales - Webs of Influence\" \/>\n<meta property=\"og:description\" content=\"IDENTIT\u00c9 Nom du site web : WebsofInfluence Adresse du site : https:\/\/websofinfluence.com\/ H\u00e9bergement : Godaddy &#8211; 14455 N. Hayden Rd., Ste. 226, Scottsdale, USA PROPRI\u00c9TAIRE &amp; RESPONSABLE DE PUBLICATION CONDITIONS D\u2019UTILISATION L\u2019utilisation du pr\u00e9sent site implique l\u2019acceptation pleine et enti\u00e8re des conditions g\u00e9n\u00e9rales d\u2019utilisation d\u00e9crites ci-apr\u00e8s. Ces conditions d\u2019utilisation sont susceptibles d\u2019\u00eatre modifi\u00e9es ou compl\u00e9t\u00e9es [&hellip;]\" \/>\n<meta property=\"og:url\" content=\"https:\/\/websofinfluence.com\/de\/legale-erwahnungen\/\" \/>\n<meta property=\"og:site_name\" content=\"Webs of Influence\" \/>\n<meta property=\"article:modified_time\" content=\"2022-09-29T07:58:55+00:00\" \/>\n<meta property=\"og:image\" content=\"https:\/\/websofinfluence.com\/wp-content\/uploads\/2022\/09\/img222.jpg\" \/>\n<meta name=\"twitter:card\" content=\"summary_large_image\" \/>\n<meta name=\"twitter:label1\" content=\"Gesch\u00e4tzte Lesezeit\" \/>\n\t<meta name=\"twitter:data1\" content=\"3\u00a0Minuten\" \/>\n<script type=\"application\/ld+json\" class=\"yoast-schema-graph\">{\"@context\":\"https:\\\/\\\/schema.org\",\"@graph\":[{\"@type\":\"WebPage\",\"@id\":\"https:\\\/\\\/websofinfluence.com\\\/mentions-legales\\\/\",\"url\":\"https:\\\/\\\/websofinfluence.com\\\/mentions-legales\\\/\",\"name\":\"Mentions l\u00e9gales - Webs of Influence\",\"isPartOf\":{\"@id\":\"https:\\\/\\\/websofinfluence.com\\\/#website\"},\"primaryImageOfPage\":{\"@id\":\"https:\\\/\\\/websofinfluence.com\\\/mentions-legales\\\/#primaryimage\"},\"image\":{\"@id\":\"https:\\\/\\\/websofinfluence.com\\\/mentions-legales\\\/#primaryimage\"},\"thumbnailUrl\":\"https:\\\/\\\/websofinfluence.com\\\/wp-content\\\/uploads\\\/2022\\\/09\\\/img222.jpg\",\"datePublished\":\"2022-09-29T07:58:14+00:00\",\"dateModified\":\"2022-09-29T07:58:55+00:00\",\"breadcrumb\":{\"@id\":\"https:\\\/\\\/websofinfluence.com\\\/mentions-legales\\\/#breadcrumb\"},\"inLanguage\":\"de\",\"potentialAction\":[{\"@type\":\"ReadAction\",\"target\":[\"https:\\\/\\\/websofinfluence.com\\\/mentions-legales\\\/\"]}]},{\"@type\":\"ImageObject\",\"inLanguage\":\"de\",\"@id\":\"https:\\\/\\\/websofinfluence.com\\\/mentions-legales\\\/#primaryimage\",\"url\":\"https:\\\/\\\/websofinfluence.com\\\/wp-content\\\/uploads\\\/2022\\\/09\\\/img222.jpg\",\"contentUrl\":\"https:\\\/\\\/websofinfluence.com\\\/wp-content\\\/uploads\\\/2022\\\/09\\\/img222.jpg\"},{\"@type\":\"BreadcrumbList\",\"@id\":\"https:\\\/\\\/websofinfluence.com\\\/mentions-legales\\\/#breadcrumb\",\"itemListElement\":[{\"@type\":\"ListItem\",\"position\":1,\"name\":\"Accueil\",\"item\":\"https:\\\/\\\/websofinfluence.com\\\/\"},{\"@type\":\"ListItem\",\"position\":2,\"name\":\"Mentions l\u00e9gales\"}]},{\"@type\":\"WebSite\",\"@id\":\"https:\\\/\\\/websofinfluence.com\\\/#website\",\"url\":\"https:\\\/\\\/websofinfluence.com\\\/\",\"name\":\"Webs of Influence\",\"description\":\"Astuces pour createurs de contenu\",\"publisher\":{\"@id\":\"https:\\\/\\\/websofinfluence.com\\\/#organization\"},\"potentialAction\":[{\"@type\":\"SearchAction\",\"target\":{\"@type\":\"EntryPoint\",\"urlTemplate\":\"https:\\\/\\\/websofinfluence.com\\\/?s={search_term_string}\"},\"query-input\":{\"@type\":\"PropertyValueSpecification\",\"valueRequired\":true,\"valueName\":\"search_term_string\"}}],\"inLanguage\":\"de\"},{\"@type\":\"Organization\",\"@id\":\"https:\\\/\\\/websofinfluence.com\\\/#organization\",\"name\":\"Webs of Influence\",\"url\":\"https:\\\/\\\/websofinfluence.com\\\/\",\"logo\":{\"@type\":\"ImageObject\",\"inLanguage\":\"de\",\"@id\":\"https:\\\/\\\/websofinfluence.com\\\/#\\\/schema\\\/logo\\\/image\\\/\",\"url\":\"https:\\\/\\\/secureservercdn.net\\\/160.153.137.14\\\/dh9.493.myftpupload.com\\\/wp-content\\\/uploads\\\/2022\\\/05\\\/Capture-de\u0301cran-2022-05-30-a\u0300-09.41.50.jpg?time=1653897260\",\"contentUrl\":\"https:\\\/\\\/secureservercdn.net\\\/160.153.137.14\\\/dh9.493.myftpupload.com\\\/wp-content\\\/uploads\\\/2022\\\/05\\\/Capture-de\u0301cran-2022-05-30-a\u0300-09.41.50.jpg?time=1653897260\",\"width\":1396,\"height\":166,\"caption\":\"Webs of Influence\"},\"image\":{\"@id\":\"https:\\\/\\\/websofinfluence.com\\\/#\\\/schema\\\/logo\\\/image\\\/\"}}]}<\/script>\n<!-- \/ Yoast SEO plugin. -->","yoast_head_json":{"title":"Rechtliche Hinweise - Webs of Influence","robots":{"index":"index","follow":"follow","max-snippet":"max-snippet:-1","max-image-preview":"max-image-preview:large","max-video-preview":"max-video-preview:-1"},"canonical":"https:\/\/websofinfluence.com\/de\/legale-erwahnungen\/","og_locale":"de_DE","og_type":"article","og_title":"Mentions l\u00e9gales - Webs of Influence","og_description":"IDENTIT\u00c9 Nom du site web : WebsofInfluence Adresse du site : https:\/\/websofinfluence.com\/ H\u00e9bergement : Godaddy &#8211; 14455 N. Hayden Rd., Ste. 226, Scottsdale, USA PROPRI\u00c9TAIRE &amp; RESPONSABLE DE PUBLICATION CONDITIONS D\u2019UTILISATION L\u2019utilisation du pr\u00e9sent site implique l\u2019acceptation pleine et enti\u00e8re des conditions g\u00e9n\u00e9rales d\u2019utilisation d\u00e9crites ci-apr\u00e8s. Ces conditions d\u2019utilisation sont susceptibles d\u2019\u00eatre modifi\u00e9es ou compl\u00e9t\u00e9es [&hellip;]","og_url":"https:\/\/websofinfluence.com\/de\/legale-erwahnungen\/","og_site_name":"Webs of Influence","article_modified_time":"2022-09-29T07:58:55+00:00","og_image":[{"url":"https:\/\/websofinfluence.com\/wp-content\/uploads\/2022\/09\/img222.jpg","type":"","width":"","height":""}],"twitter_card":"summary_large_image","twitter_misc":{"Gesch\u00e4tzte Lesezeit":"3\u00a0Minuten"},"schema":{"@context":"https:\/\/schema.org","@graph":[{"@type":"WebPage","@id":"https:\/\/websofinfluence.com\/mentions-legales\/","url":"https:\/\/websofinfluence.com\/mentions-legales\/","name":"Rechtliche Hinweise - Webs of Influence","isPartOf":{"@id":"https:\/\/websofinfluence.com\/#website"},"primaryImageOfPage":{"@id":"https:\/\/websofinfluence.com\/mentions-legales\/#primaryimage"},"image":{"@id":"https:\/\/websofinfluence.com\/mentions-legales\/#primaryimage"},"thumbnailUrl":"https:\/\/websofinfluence.com\/wp-content\/uploads\/2022\/09\/img222.jpg","datePublished":"2022-09-29T07:58:14+00:00","dateModified":"2022-09-29T07:58:55+00:00","breadcrumb":{"@id":"https:\/\/websofinfluence.com\/mentions-legales\/#breadcrumb"},"inLanguage":"de","potentialAction":[{"@type":"ReadAction","target":["https:\/\/websofinfluence.com\/mentions-legales\/"]}]},{"@type":"ImageObject","inLanguage":"de","@id":"https:\/\/websofinfluence.com\/mentions-legales\/#primaryimage","url":"https:\/\/websofinfluence.com\/wp-content\/uploads\/2022\/09\/img222.jpg","contentUrl":"https:\/\/websofinfluence.com\/wp-content\/uploads\/2022\/09\/img222.jpg"},{"@type":"BreadcrumbList","@id":"https:\/\/websofinfluence.com\/mentions-legales\/#breadcrumb","itemListElement":[{"@type":"ListItem","position":1,"name":"Accueil","item":"https:\/\/websofinfluence.com\/"},{"@type":"ListItem","position":2,"name":"Mentions l\u00e9gales"}]},{"@type":"WebSite","@id":"https:\/\/websofinfluence.com\/#website","url":"https:\/\/websofinfluence.com\/","name":"Webs of Influence","description":"Tipps f\u00fcr Content Creators","publisher":{"@id":"https:\/\/websofinfluence.com\/#organization"},"potentialAction":[{"@type":"SearchAction","target":{"@type":"EntryPoint","urlTemplate":"https:\/\/websofinfluence.com\/?s={search_term_string}"},"query-input":{"@type":"PropertyValueSpecification","valueRequired":true,"valueName":"search_term_string"}}],"inLanguage":"de"},{"@type":"Organization","@id":"https:\/\/websofinfluence.com\/#organization","name":"Webs of Influence","url":"https:\/\/websofinfluence.com\/","logo":{"@type":"ImageObject","inLanguage":"de","@id":"https:\/\/websofinfluence.com\/#\/schema\/logo\/image\/","url":"https:\/\/secureservercdn.net\/160.153.137.14\/dh9.493.myftpupload.com\/wp-content\/uploads\/2022\/05\/Capture-de\u0301cran-2022-05-30-a\u0300-09.41.50.jpg?time=1653897260","contentUrl":"https:\/\/secureservercdn.net\/160.153.137.14\/dh9.493.myftpupload.com\/wp-content\/uploads\/2022\/05\/Capture-de\u0301cran-2022-05-30-a\u0300-09.41.50.jpg?time=1653897260","width":1396,"height":166,"caption":"Webs of Influence"},"image":{"@id":"https:\/\/websofinfluence.com\/#\/schema\/logo\/image\/"}}]}},"_links":{"self":[{"href":"https:\/\/websofinfluence.com\/de\/wp-json\/wp\/v2\/pages\/232","targetHints":{"allow":["GET"]}}],"collection":[{"href":"https:\/\/websofinfluence.com\/de\/wp-json\/wp\/v2\/pages"}],"about":[{"href":"https:\/\/websofinfluence.com\/de\/wp-json\/wp\/v2\/types\/page"}],"author":[{"embeddable":true,"href":"https:\/\/websofinfluence.com\/de\/wp-json\/wp\/v2\/users\/1"}],"replies":[{"embeddable":true,"href":"https:\/\/websofinfluence.com\/de\/wp-json\/wp\/v2\/comments?post=232"}],"version-history":[{"count":2,"href":"https:\/\/websofinfluence.com\/de\/wp-json\/wp\/v2\/pages\/232\/revisions"}],"predecessor-version":[{"id":235,"href":"https:\/\/websofinfluence.com\/de\/wp-json\/wp\/v2\/pages\/232\/revisions\/235"}],"wp:attachment":[{"href":"https:\/\/websofinfluence.com\/de\/wp-json\/wp\/v2\/media?parent=232"}],"curies":[{"name":"wp","href":"https:\/\/api.w.org\/{rel}","templated":true}]}}