{"id":232,"date":"2022-09-29T07:58:14","date_gmt":"2022-09-29T07:58:14","guid":{"rendered":"https:\/\/websofinfluence.com\/?page_id=232"},"modified":"2022-09-29T07:58:55","modified_gmt":"2022-09-29T07:58:55","slug":"mentions-legales","status":"publish","type":"page","link":"https:\/\/websofinfluence.com\/es\/anotaciones\/","title":{"rendered":"Informaci\u00f3n legal"},"content":{"rendered":"<h2 class=\"wp-block-heading\">IDENTIDAD<\/h2>\n\n\n\n<p>Nombre del sitio web: WebsofInfluence <br>Direcci\u00f3n del sitio : <a href=\"https:\/\/websofinfluence.com\/es\/\">https:\/\/websofinfluence.com\/<\/a><\/p>\n\n\n\n<p>Alojamiento: Godaddy - 14455 N. Hayden Rd, Ste. 226, Scottsdale, USA<\/p>\n\n\n\n<h3 class=\"wp-block-heading\">PROPIETARIO Y DIRECTOR DE LA PUBLICACI\u00d3N<\/h3>\n\n\n\n<figure class=\"wp-block-image size-full is-resized\"><img loading=\"lazy\" decoding=\"async\" src=\"https:\/\/websofinfluence.com\/wp-content\/uploads\/2022\/09\/img222.jpg\" alt=\"\" class=\"wp-image-233\" width=\"448\" height=\"56\"\/><\/figure>\n\n\n\n<hr class=\"wp-block-separator has-alpha-channel-opacity\"\/>\n\n\n\n<h2 class=\"wp-block-heading\">CONDICIONES DE USO<\/h2>\n\n\n\n<p>El uso de este sitio implica la plena aceptaci\u00f3n de las condiciones generales de uso descritas a continuaci\u00f3n. Estas condiciones de uso pueden ser modificadas o completadas en cualquier momento.<\/p>\n\n\n\n<h3 class=\"wp-block-heading\">INFORMACI\u00d3N<\/h3>\n\n\n\n<p>La informaci\u00f3n y los documentos del sitio se presentan a t\u00edtulo informativo, sin car\u00e1cter exhaustivo, y no pueden comprometer la responsabilidad del propietario del sitio.<\/p>\n\n\n\n<p>El propietario del sitio no se hace responsable de ning\u00fan da\u00f1o directo o indirecto derivado del acceso al sitio.<\/p>\n\n\n\n<h3 class=\"wp-block-heading\">INTERACTIVIDAD<\/h3>\n\n\n\n<p>Los usuarios del sitio pueden depositar contenidos, que aparecen en el sitio en espacios dedicados (en particular a trav\u00e9s de los comentarios). El contenido publicado queda bajo la responsabilidad de sus autores, que asumen toda la responsabilidad legal del mismo.<\/p>\n\n\n\n<p>No obstante, el propietario del sitio se reserva el derecho de retirar sin previo aviso y sin justificaci\u00f3n cualquier contenido enviado por los usuarios que no cumpla con la carta \u00e9tica del sitio o con la legislaci\u00f3n vigente.<\/p>\n\n\n\n<h3 class=\"wp-block-heading\">PROPIEDAD INTELECTUAL<\/h3>\n\n\n\n<p>Salvo que se indique lo contrario, todos los elementos accesibles en el sitio (textos, im\u00e1genes, gr\u00e1ficos, logotipos, iconos, sonidos, software, etc.) son propiedad exclusiva de sus autores, en lo que respecta a los derechos de propiedad intelectual o de uso.&nbsp;<sup><a href=\"https:\/\/www.webexpress.fr\/actualite\/focus\/modele-de-mentions-legales-complet-et-gratuit\/#fn-7013-1\">1<\/a><\/sup><\/p>\n\n\n\n<p>Toda reproducci\u00f3n, representaci\u00f3n, modificaci\u00f3n, publicaci\u00f3n, adaptaci\u00f3n de la totalidad o parte de los elementos del sitio, cualquiera que sea el medio o el procedimiento utilizado, est\u00e1 prohibida, salvo autorizaci\u00f3n previa por escrito del autor.<\/p>\n\n\n\n<p>Cualquier uso no autorizado del sitio o de cualquiera de los elementos que contiene se considera constitutivo de infracci\u00f3n y puede ser perseguido.<\/p>\n\n\n\n<p>Las marcas y logotipos reproducidos en el sitio est\u00e1n registrados por las empresas propietarias.<\/p>\n\n\n\n<h3 class=\"wp-block-heading\">ENLACES<\/h3>\n\n\n\n<p><strong>Enlaces salientes<\/strong><br>El propietario del sitio declina toda responsabilidad y no se compromete por la referencia, a trav\u00e9s de enlaces de hipertexto, de recursos de terceros presentes en la red Internet, tanto en lo que se refiere a su contenido como a su pertinencia.<\/p>\n\n\n\n<p><strong>Enlaces entrantes<\/strong><br>El titular del sitio autoriza los hiperv\u00ednculos a cualquiera de las p\u00e1ginas de este sitio, siempre que \u00e9stos abran una nueva ventana y se presenten de forma inequ\u00edvoca para evitar :<\/p>\n\n\n\n<ul class=\"wp-block-list\"><li>cualquier riesgo de confusi\u00f3n entre el sitio que cita y el propietario del sitio<\/li><li>as\u00ed como cualquier presentaci\u00f3n tendenciosa o contraria a la legislaci\u00f3n vigente.<\/li><\/ul>\n\n\n\n<p>El propietario del sitio se reserva el derecho de solicitar la eliminaci\u00f3n de un enlace si considera que el sitio de origen no respeta las normas as\u00ed definidas.<\/p>\n\n\n\n<h3 class=\"wp-block-heading\">CONFIDENCIALIDAD<\/h3>\n\n\n\n<p>Cualquier usuario tiene derecho a acceder, rectificar y oponerse a los datos personales que le conciernen, presentando una solicitud escrita y firmada, acompa\u00f1ada de una prueba de identidad.<\/p>\n\n\n\n<p>El sitio no recoge informaci\u00f3n personal y no est\u00e1 sujeto a declaraci\u00f3n a la CNIL. (Sustituido por las disposiciones del RGPD)<\/p>","protected":false},"excerpt":{"rendered":"<p>IDENTIT\u00c9 Nom du site web : WebsofInfluence Adresse du site : https:\/\/websofinfluence.com\/ H\u00e9bergement : Godaddy &#8211; 14455 N. Hayden Rd., Ste. 226, Scottsdale, USA PROPRI\u00c9TAIRE &amp; RESPONSABLE DE PUBLICATION CONDITIONS D\u2019UTILISATION L\u2019utilisation du pr\u00e9sent site implique l\u2019acceptation pleine et enti\u00e8re des conditions g\u00e9n\u00e9rales d\u2019utilisation d\u00e9crites ci-apr\u00e8s. Ces conditions d\u2019utilisation sont susceptibles d\u2019\u00eatre modifi\u00e9es ou compl\u00e9t\u00e9es [&hellip;]<\/p>\n","protected":false},"author":1,"featured_media":0,"parent":0,"menu_order":0,"comment_status":"closed","ping_status":"closed","template":"","meta":{"_et_pb_use_builder":"","_et_pb_old_content":"","_et_gb_content_width":"","_coblocks_attr":"","_coblocks_dimensions":"","_coblocks_responsive_height":"","_coblocks_accordion_ie_support":"","footnotes":""},"class_list":["post-232","page","type-page","status-publish","hentry"],"yoast_head":"<!-- This site is optimized with the Yoast SEO plugin v27.5 - https:\/\/yoast.com\/product\/yoast-seo-wordpress\/ -->\n<title>Mentions l\u00e9gales - Webs of Influence<\/title>\n<meta name=\"robots\" content=\"index, follow, max-snippet:-1, max-image-preview:large, max-video-preview:-1\" \/>\n<link rel=\"canonical\" href=\"https:\/\/websofinfluence.com\/es\/anotaciones\/\" \/>\n<meta property=\"og:locale\" content=\"es_ES\" \/>\n<meta property=\"og:type\" content=\"article\" \/>\n<meta property=\"og:title\" content=\"Mentions l\u00e9gales - Webs of Influence\" \/>\n<meta property=\"og:description\" content=\"IDENTIT\u00c9 Nom du site web : WebsofInfluence Adresse du site : https:\/\/websofinfluence.com\/ H\u00e9bergement : Godaddy &#8211; 14455 N. Hayden Rd., Ste. 226, Scottsdale, USA PROPRI\u00c9TAIRE &amp; RESPONSABLE DE PUBLICATION CONDITIONS D\u2019UTILISATION L\u2019utilisation du pr\u00e9sent site implique l\u2019acceptation pleine et enti\u00e8re des conditions g\u00e9n\u00e9rales d\u2019utilisation d\u00e9crites ci-apr\u00e8s. Ces conditions d\u2019utilisation sont susceptibles d\u2019\u00eatre modifi\u00e9es ou compl\u00e9t\u00e9es [&hellip;]\" \/>\n<meta property=\"og:url\" content=\"https:\/\/websofinfluence.com\/es\/anotaciones\/\" \/>\n<meta property=\"og:site_name\" content=\"Webs of Influence\" \/>\n<meta property=\"article:modified_time\" content=\"2022-09-29T07:58:55+00:00\" \/>\n<meta property=\"og:image\" content=\"https:\/\/websofinfluence.com\/wp-content\/uploads\/2022\/09\/img222.jpg\" \/>\n<meta name=\"twitter:card\" content=\"summary_large_image\" \/>\n<meta name=\"twitter:label1\" content=\"Tiempo de lectura\" \/>\n\t<meta name=\"twitter:data1\" content=\"3 minutos\" \/>\n<script type=\"application\/ld+json\" class=\"yoast-schema-graph\">{\"@context\":\"https:\\\/\\\/schema.org\",\"@graph\":[{\"@type\":\"WebPage\",\"@id\":\"https:\\\/\\\/websofinfluence.com\\\/mentions-legales\\\/\",\"url\":\"https:\\\/\\\/websofinfluence.com\\\/mentions-legales\\\/\",\"name\":\"Mentions l\u00e9gales - Webs of Influence\",\"isPartOf\":{\"@id\":\"https:\\\/\\\/websofinfluence.com\\\/#website\"},\"primaryImageOfPage\":{\"@id\":\"https:\\\/\\\/websofinfluence.com\\\/mentions-legales\\\/#primaryimage\"},\"image\":{\"@id\":\"https:\\\/\\\/websofinfluence.com\\\/mentions-legales\\\/#primaryimage\"},\"thumbnailUrl\":\"https:\\\/\\\/websofinfluence.com\\\/wp-content\\\/uploads\\\/2022\\\/09\\\/img222.jpg\",\"datePublished\":\"2022-09-29T07:58:14+00:00\",\"dateModified\":\"2022-09-29T07:58:55+00:00\",\"breadcrumb\":{\"@id\":\"https:\\\/\\\/websofinfluence.com\\\/mentions-legales\\\/#breadcrumb\"},\"inLanguage\":\"es\",\"potentialAction\":[{\"@type\":\"ReadAction\",\"target\":[\"https:\\\/\\\/websofinfluence.com\\\/mentions-legales\\\/\"]}]},{\"@type\":\"ImageObject\",\"inLanguage\":\"es\",\"@id\":\"https:\\\/\\\/websofinfluence.com\\\/mentions-legales\\\/#primaryimage\",\"url\":\"https:\\\/\\\/websofinfluence.com\\\/wp-content\\\/uploads\\\/2022\\\/09\\\/img222.jpg\",\"contentUrl\":\"https:\\\/\\\/websofinfluence.com\\\/wp-content\\\/uploads\\\/2022\\\/09\\\/img222.jpg\"},{\"@type\":\"BreadcrumbList\",\"@id\":\"https:\\\/\\\/websofinfluence.com\\\/mentions-legales\\\/#breadcrumb\",\"itemListElement\":[{\"@type\":\"ListItem\",\"position\":1,\"name\":\"Accueil\",\"item\":\"https:\\\/\\\/websofinfluence.com\\\/\"},{\"@type\":\"ListItem\",\"position\":2,\"name\":\"Mentions l\u00e9gales\"}]},{\"@type\":\"WebSite\",\"@id\":\"https:\\\/\\\/websofinfluence.com\\\/#website\",\"url\":\"https:\\\/\\\/websofinfluence.com\\\/\",\"name\":\"Webs of Influence\",\"description\":\"Astuces pour createurs de contenu\",\"publisher\":{\"@id\":\"https:\\\/\\\/websofinfluence.com\\\/#organization\"},\"potentialAction\":[{\"@type\":\"SearchAction\",\"target\":{\"@type\":\"EntryPoint\",\"urlTemplate\":\"https:\\\/\\\/websofinfluence.com\\\/?s={search_term_string}\"},\"query-input\":{\"@type\":\"PropertyValueSpecification\",\"valueRequired\":true,\"valueName\":\"search_term_string\"}}],\"inLanguage\":\"es\"},{\"@type\":\"Organization\",\"@id\":\"https:\\\/\\\/websofinfluence.com\\\/#organization\",\"name\":\"Webs of Influence\",\"url\":\"https:\\\/\\\/websofinfluence.com\\\/\",\"logo\":{\"@type\":\"ImageObject\",\"inLanguage\":\"es\",\"@id\":\"https:\\\/\\\/websofinfluence.com\\\/#\\\/schema\\\/logo\\\/image\\\/\",\"url\":\"https:\\\/\\\/secureservercdn.net\\\/160.153.137.14\\\/dh9.493.myftpupload.com\\\/wp-content\\\/uploads\\\/2022\\\/05\\\/Capture-de\u0301cran-2022-05-30-a\u0300-09.41.50.jpg?time=1653897260\",\"contentUrl\":\"https:\\\/\\\/secureservercdn.net\\\/160.153.137.14\\\/dh9.493.myftpupload.com\\\/wp-content\\\/uploads\\\/2022\\\/05\\\/Capture-de\u0301cran-2022-05-30-a\u0300-09.41.50.jpg?time=1653897260\",\"width\":1396,\"height\":166,\"caption\":\"Webs of Influence\"},\"image\":{\"@id\":\"https:\\\/\\\/websofinfluence.com\\\/#\\\/schema\\\/logo\\\/image\\\/\"}}]}<\/script>\n<!-- \/ Yoast SEO plugin. -->","yoast_head_json":{"title":"Aviso legal - Webs de influencia","robots":{"index":"index","follow":"follow","max-snippet":"max-snippet:-1","max-image-preview":"max-image-preview:large","max-video-preview":"max-video-preview:-1"},"canonical":"https:\/\/websofinfluence.com\/es\/anotaciones\/","og_locale":"es_ES","og_type":"article","og_title":"Mentions l\u00e9gales - Webs of Influence","og_description":"IDENTIT\u00c9 Nom du site web : WebsofInfluence Adresse du site : https:\/\/websofinfluence.com\/ H\u00e9bergement : Godaddy &#8211; 14455 N. Hayden Rd., Ste. 226, Scottsdale, USA PROPRI\u00c9TAIRE &amp; RESPONSABLE DE PUBLICATION CONDITIONS D\u2019UTILISATION L\u2019utilisation du pr\u00e9sent site implique l\u2019acceptation pleine et enti\u00e8re des conditions g\u00e9n\u00e9rales d\u2019utilisation d\u00e9crites ci-apr\u00e8s. Ces conditions d\u2019utilisation sont susceptibles d\u2019\u00eatre modifi\u00e9es ou compl\u00e9t\u00e9es [&hellip;]","og_url":"https:\/\/websofinfluence.com\/es\/anotaciones\/","og_site_name":"Webs of Influence","article_modified_time":"2022-09-29T07:58:55+00:00","og_image":[{"url":"https:\/\/websofinfluence.com\/wp-content\/uploads\/2022\/09\/img222.jpg","type":"","width":"","height":""}],"twitter_card":"summary_large_image","twitter_misc":{"Tiempo de lectura":"3 minutos"},"schema":{"@context":"https:\/\/schema.org","@graph":[{"@type":"WebPage","@id":"https:\/\/websofinfluence.com\/mentions-legales\/","url":"https:\/\/websofinfluence.com\/mentions-legales\/","name":"Aviso legal - Webs de influencia","isPartOf":{"@id":"https:\/\/websofinfluence.com\/#website"},"primaryImageOfPage":{"@id":"https:\/\/websofinfluence.com\/mentions-legales\/#primaryimage"},"image":{"@id":"https:\/\/websofinfluence.com\/mentions-legales\/#primaryimage"},"thumbnailUrl":"https:\/\/websofinfluence.com\/wp-content\/uploads\/2022\/09\/img222.jpg","datePublished":"2022-09-29T07:58:14+00:00","dateModified":"2022-09-29T07:58:55+00:00","breadcrumb":{"@id":"https:\/\/websofinfluence.com\/mentions-legales\/#breadcrumb"},"inLanguage":"es","potentialAction":[{"@type":"ReadAction","target":["https:\/\/websofinfluence.com\/mentions-legales\/"]}]},{"@type":"ImageObject","inLanguage":"es","@id":"https:\/\/websofinfluence.com\/mentions-legales\/#primaryimage","url":"https:\/\/websofinfluence.com\/wp-content\/uploads\/2022\/09\/img222.jpg","contentUrl":"https:\/\/websofinfluence.com\/wp-content\/uploads\/2022\/09\/img222.jpg"},{"@type":"BreadcrumbList","@id":"https:\/\/websofinfluence.com\/mentions-legales\/#breadcrumb","itemListElement":[{"@type":"ListItem","position":1,"name":"Accueil","item":"https:\/\/websofinfluence.com\/"},{"@type":"ListItem","position":2,"name":"Mentions l\u00e9gales"}]},{"@type":"WebSite","@id":"https:\/\/websofinfluence.com\/#website","url":"https:\/\/websofinfluence.com\/","name":"Redes de influencia","description":"Consejos para los creadores de contenidos","publisher":{"@id":"https:\/\/websofinfluence.com\/#organization"},"potentialAction":[{"@type":"SearchAction","target":{"@type":"EntryPoint","urlTemplate":"https:\/\/websofinfluence.com\/?s={search_term_string}"},"query-input":{"@type":"PropertyValueSpecification","valueRequired":true,"valueName":"search_term_string"}}],"inLanguage":"es"},{"@type":"Organization","@id":"https:\/\/websofinfluence.com\/#organization","name":"Redes de influencia","url":"https:\/\/websofinfluence.com\/","logo":{"@type":"ImageObject","inLanguage":"es","@id":"https:\/\/websofinfluence.com\/#\/schema\/logo\/image\/","url":"https:\/\/secureservercdn.net\/160.153.137.14\/dh9.493.myftpupload.com\/wp-content\/uploads\/2022\/05\/Capture-de\u0301cran-2022-05-30-a\u0300-09.41.50.jpg?time=1653897260","contentUrl":"https:\/\/secureservercdn.net\/160.153.137.14\/dh9.493.myftpupload.com\/wp-content\/uploads\/2022\/05\/Capture-de\u0301cran-2022-05-30-a\u0300-09.41.50.jpg?time=1653897260","width":1396,"height":166,"caption":"Webs of Influence"},"image":{"@id":"https:\/\/websofinfluence.com\/#\/schema\/logo\/image\/"}}]}},"_links":{"self":[{"href":"https:\/\/websofinfluence.com\/es\/wp-json\/wp\/v2\/pages\/232","targetHints":{"allow":["GET"]}}],"collection":[{"href":"https:\/\/websofinfluence.com\/es\/wp-json\/wp\/v2\/pages"}],"about":[{"href":"https:\/\/websofinfluence.com\/es\/wp-json\/wp\/v2\/types\/page"}],"author":[{"embeddable":true,"href":"https:\/\/websofinfluence.com\/es\/wp-json\/wp\/v2\/users\/1"}],"replies":[{"embeddable":true,"href":"https:\/\/websofinfluence.com\/es\/wp-json\/wp\/v2\/comments?post=232"}],"version-history":[{"count":2,"href":"https:\/\/websofinfluence.com\/es\/wp-json\/wp\/v2\/pages\/232\/revisions"}],"predecessor-version":[{"id":235,"href":"https:\/\/websofinfluence.com\/es\/wp-json\/wp\/v2\/pages\/232\/revisions\/235"}],"wp:attachment":[{"href":"https:\/\/websofinfluence.com\/es\/wp-json\/wp\/v2\/media?parent=232"}],"curies":[{"name":"wp","href":"https:\/\/api.w.org\/{rel}","templated":true}]}}