{"id":232,"date":"2022-09-29T07:58:14","date_gmt":"2022-09-29T07:58:14","guid":{"rendered":"https:\/\/websofinfluence.com\/?page_id=232"},"modified":"2022-09-29T07:58:55","modified_gmt":"2022-09-29T07:58:55","slug":"mentions-legales","status":"publish","type":"page","link":"https:\/\/websofinfluence.com\/it\/appoggi\/","title":{"rendered":"Informazioni legali"},"content":{"rendered":"<h2 class=\"wp-block-heading\">IDENTIT\u00c0<\/h2>\n\n\n\n<p>Nome del sito web: WebsofInfluence <br>Indirizzo del sito : <a href=\"https:\/\/websofinfluence.com\/it\/\">https:\/\/websofinfluence.com\/<\/a><\/p>\n\n\n\n<p>Hosting: Godaddy - 14455 N. Hayden Rd, Ste. 226, Scottsdale, USA<\/p>\n\n\n\n<h3 class=\"wp-block-heading\">PROPRIETARIO E RESPONSABILE DELLE PUBBLICAZIONI<\/h3>\n\n\n\n<figure class=\"wp-block-image size-full is-resized\"><img loading=\"lazy\" decoding=\"async\" src=\"https:\/\/websofinfluence.com\/wp-content\/uploads\/2022\/09\/img222.jpg\" alt=\"\" class=\"wp-image-233\" width=\"448\" height=\"56\"\/><\/figure>\n\n\n\n<hr class=\"wp-block-separator has-alpha-channel-opacity\"\/>\n\n\n\n<h2 class=\"wp-block-heading\">CONDIZIONI DI UTILIZZO<\/h2>\n\n\n\n<p>L'utilizzo di questo sito implica la piena accettazione delle condizioni generali di utilizzo descritte di seguito. Le presenti condizioni di utilizzo possono essere modificate o completate in qualsiasi momento.<\/p>\n\n\n\n<h3 class=\"wp-block-heading\">INFORMAZIONI<\/h3>\n\n\n\n<p>Le informazioni e i documenti presenti sul sito sono presentati a titolo puramente informativo, senza alcun carattere di esaustivit\u00e0, e non possono impegnare la responsabilit\u00e0 del proprietario del sito.<\/p>\n\n\n\n<p>Il proprietario del sito non pu\u00f2 essere ritenuto responsabile di eventuali danni diretti o indiretti derivanti dall'accesso al sito.<\/p>\n\n\n\n<h3 class=\"wp-block-heading\">INTERATTIVIT\u00c0<\/h3>\n\n\n\n<p>Gli utenti del sito possono depositare contenuti, che appaiono sul sito in spazi dedicati (in particolare attraverso i commenti). I contenuti pubblicati rimangono sotto la responsabilit\u00e0 dei loro autori, che se ne assumono la piena responsabilit\u00e0 legale.<\/p>\n\n\n\n<p>Il titolare del sito si riserva comunque il diritto di ritirare senza preavviso e senza giustificazione alcuna i contenuti inviati dagli utenti che non siano conformi alla carta etica del sito o alla legislazione vigente.<\/p>\n\n\n\n<h3 class=\"wp-block-heading\">PROPRIET\u00c0 INTELLETTUALE<\/h3>\n\n\n\n<p>Salvo diversa indicazione, tutti gli elementi accessibili sul sito (testi, immagini, grafici, loghi, icone, suoni, software, ecc.) rimangono di propriet\u00e0 esclusiva dei loro autori, per quanto riguarda i diritti di propriet\u00e0 intellettuale o di utilizzo.&nbsp;<sup><a href=\"https:\/\/www.webexpress.fr\/actualite\/focus\/modele-de-mentions-legales-complet-et-gratuit\/#fn-7013-1\">1<\/a><\/sup><\/p>\n\n\n\n<p>\u00c8 vietata la riproduzione, la rappresentazione, la modifica, la pubblicazione, l'adattamento di tutti o parte degli elementi del sito, qualunque sia il mezzo o il processo utilizzato, salvo previa autorizzazione scritta dell'autore.<\/p>\n\n\n\n<p>Qualsiasi utilizzo non autorizzato del sito o di qualsiasi elemento in esso contenuto \u00e8 considerato una violazione e pu\u00f2 essere perseguito penalmente.<\/p>\n\n\n\n<p>I marchi e i loghi riprodotti sul sito sono registrati dalle aziende che li possiedono.<\/p>\n\n\n\n<h3 class=\"wp-block-heading\">LINK<\/h3>\n\n\n\n<p><strong>Collegamenti in uscita<\/strong><br>Il titolare del sito declina ogni responsabilit\u00e0 e non si impegna a fare riferimento, tramite collegamenti ipertestuali, a risorse di terzi presenti sulla rete Internet, sia per quanto riguarda il loro contenuto che la loro pertinenza.<\/p>\n\n\n\n<p><strong>Link in arrivo<\/strong><br>Il proprietario del sito autorizza i collegamenti ipertestuali a qualsiasi pagina di questo sito, a condizione che questi aprano una nuova finestra e siano presentati in modo inequivocabile al fine di evitare :<\/p>\n\n\n\n<ul class=\"wp-block-list\"><li>qualsiasi rischio di confusione tra il sito che cita e il proprietario del sito stesso<\/li><li>nonch\u00e9 qualsiasi presentazione tendenziosa o contraria alle leggi vigenti.<\/li><\/ul>\n\n\n\n<p>Il proprietario del sito si riserva il diritto di richiedere la rimozione di un link se ritiene che il sito di origine non rispetti le regole cos\u00ec definite.<\/p>\n\n\n\n<h3 class=\"wp-block-heading\">RISERVATEZZA<\/h3>\n\n\n\n<p>Ogni utente ha il diritto di accedere, rettificare e opporsi ai dati personali che lo riguardano, presentando una richiesta scritta e firmata, accompagnata da un documento di identit\u00e0.<\/p>\n\n\n\n<p>Il sito non raccoglie informazioni personali e non \u00e8 soggetto a dichiarazione alla CNIL. (Sostituito dalle disposizioni del RGPD)<\/p>","protected":false},"excerpt":{"rendered":"<p>IDENTIT\u00c9 Nom du site web : WebsofInfluence Adresse du site : https:\/\/websofinfluence.com\/ H\u00e9bergement : Godaddy &#8211; 14455 N. Hayden Rd., Ste. 226, Scottsdale, USA PROPRI\u00c9TAIRE &amp; RESPONSABLE DE PUBLICATION CONDITIONS D\u2019UTILISATION L\u2019utilisation du pr\u00e9sent site implique l\u2019acceptation pleine et enti\u00e8re des conditions g\u00e9n\u00e9rales d\u2019utilisation d\u00e9crites ci-apr\u00e8s. Ces conditions d\u2019utilisation sont susceptibles d\u2019\u00eatre modifi\u00e9es ou compl\u00e9t\u00e9es [&hellip;]<\/p>\n","protected":false},"author":1,"featured_media":0,"parent":0,"menu_order":0,"comment_status":"closed","ping_status":"closed","template":"","meta":{"_et_pb_use_builder":"","_et_pb_old_content":"","_et_gb_content_width":"","_coblocks_attr":"","_coblocks_dimensions":"","_coblocks_responsive_height":"","_coblocks_accordion_ie_support":"","footnotes":""},"class_list":["post-232","page","type-page","status-publish","hentry"],"yoast_head":"<!-- This site is optimized with the Yoast SEO plugin v27.5 - https:\/\/yoast.com\/product\/yoast-seo-wordpress\/ -->\n<title>Mentions l\u00e9gales - Webs of Influence<\/title>\n<meta name=\"robots\" content=\"index, follow, max-snippet:-1, max-image-preview:large, max-video-preview:-1\" \/>\n<link rel=\"canonical\" href=\"https:\/\/websofinfluence.com\/it\/appoggi\/\" \/>\n<meta property=\"og:locale\" content=\"it_IT\" \/>\n<meta property=\"og:type\" content=\"article\" \/>\n<meta property=\"og:title\" content=\"Mentions l\u00e9gales - Webs of Influence\" \/>\n<meta property=\"og:description\" content=\"IDENTIT\u00c9 Nom du site web : WebsofInfluence Adresse du site : https:\/\/websofinfluence.com\/ H\u00e9bergement : Godaddy &#8211; 14455 N. Hayden Rd., Ste. 226, Scottsdale, USA PROPRI\u00c9TAIRE &amp; RESPONSABLE DE PUBLICATION CONDITIONS D\u2019UTILISATION L\u2019utilisation du pr\u00e9sent site implique l\u2019acceptation pleine et enti\u00e8re des conditions g\u00e9n\u00e9rales d\u2019utilisation d\u00e9crites ci-apr\u00e8s. Ces conditions d\u2019utilisation sont susceptibles d\u2019\u00eatre modifi\u00e9es ou compl\u00e9t\u00e9es [&hellip;]\" \/>\n<meta property=\"og:url\" content=\"https:\/\/websofinfluence.com\/it\/appoggi\/\" \/>\n<meta property=\"og:site_name\" content=\"Webs of Influence\" \/>\n<meta property=\"article:modified_time\" content=\"2022-09-29T07:58:55+00:00\" \/>\n<meta property=\"og:image\" content=\"https:\/\/websofinfluence.com\/wp-content\/uploads\/2022\/09\/img222.jpg\" \/>\n<meta name=\"twitter:card\" content=\"summary_large_image\" \/>\n<meta name=\"twitter:label1\" content=\"Tempo di lettura stimato\" \/>\n\t<meta name=\"twitter:data1\" content=\"3 minuti\" \/>\n<script type=\"application\/ld+json\" class=\"yoast-schema-graph\">{\"@context\":\"https:\\\/\\\/schema.org\",\"@graph\":[{\"@type\":\"WebPage\",\"@id\":\"https:\\\/\\\/websofinfluence.com\\\/mentions-legales\\\/\",\"url\":\"https:\\\/\\\/websofinfluence.com\\\/mentions-legales\\\/\",\"name\":\"Mentions l\u00e9gales - Webs of Influence\",\"isPartOf\":{\"@id\":\"https:\\\/\\\/websofinfluence.com\\\/#website\"},\"primaryImageOfPage\":{\"@id\":\"https:\\\/\\\/websofinfluence.com\\\/mentions-legales\\\/#primaryimage\"},\"image\":{\"@id\":\"https:\\\/\\\/websofinfluence.com\\\/mentions-legales\\\/#primaryimage\"},\"thumbnailUrl\":\"https:\\\/\\\/websofinfluence.com\\\/wp-content\\\/uploads\\\/2022\\\/09\\\/img222.jpg\",\"datePublished\":\"2022-09-29T07:58:14+00:00\",\"dateModified\":\"2022-09-29T07:58:55+00:00\",\"breadcrumb\":{\"@id\":\"https:\\\/\\\/websofinfluence.com\\\/mentions-legales\\\/#breadcrumb\"},\"inLanguage\":\"it-IT\",\"potentialAction\":[{\"@type\":\"ReadAction\",\"target\":[\"https:\\\/\\\/websofinfluence.com\\\/mentions-legales\\\/\"]}]},{\"@type\":\"ImageObject\",\"inLanguage\":\"it-IT\",\"@id\":\"https:\\\/\\\/websofinfluence.com\\\/mentions-legales\\\/#primaryimage\",\"url\":\"https:\\\/\\\/websofinfluence.com\\\/wp-content\\\/uploads\\\/2022\\\/09\\\/img222.jpg\",\"contentUrl\":\"https:\\\/\\\/websofinfluence.com\\\/wp-content\\\/uploads\\\/2022\\\/09\\\/img222.jpg\"},{\"@type\":\"BreadcrumbList\",\"@id\":\"https:\\\/\\\/websofinfluence.com\\\/mentions-legales\\\/#breadcrumb\",\"itemListElement\":[{\"@type\":\"ListItem\",\"position\":1,\"name\":\"Accueil\",\"item\":\"https:\\\/\\\/websofinfluence.com\\\/\"},{\"@type\":\"ListItem\",\"position\":2,\"name\":\"Mentions l\u00e9gales\"}]},{\"@type\":\"WebSite\",\"@id\":\"https:\\\/\\\/websofinfluence.com\\\/#website\",\"url\":\"https:\\\/\\\/websofinfluence.com\\\/\",\"name\":\"Webs of Influence\",\"description\":\"Astuces pour createurs de contenu\",\"publisher\":{\"@id\":\"https:\\\/\\\/websofinfluence.com\\\/#organization\"},\"potentialAction\":[{\"@type\":\"SearchAction\",\"target\":{\"@type\":\"EntryPoint\",\"urlTemplate\":\"https:\\\/\\\/websofinfluence.com\\\/?s={search_term_string}\"},\"query-input\":{\"@type\":\"PropertyValueSpecification\",\"valueRequired\":true,\"valueName\":\"search_term_string\"}}],\"inLanguage\":\"it-IT\"},{\"@type\":\"Organization\",\"@id\":\"https:\\\/\\\/websofinfluence.com\\\/#organization\",\"name\":\"Webs of Influence\",\"url\":\"https:\\\/\\\/websofinfluence.com\\\/\",\"logo\":{\"@type\":\"ImageObject\",\"inLanguage\":\"it-IT\",\"@id\":\"https:\\\/\\\/websofinfluence.com\\\/#\\\/schema\\\/logo\\\/image\\\/\",\"url\":\"https:\\\/\\\/secureservercdn.net\\\/160.153.137.14\\\/dh9.493.myftpupload.com\\\/wp-content\\\/uploads\\\/2022\\\/05\\\/Capture-de\u0301cran-2022-05-30-a\u0300-09.41.50.jpg?time=1653897260\",\"contentUrl\":\"https:\\\/\\\/secureservercdn.net\\\/160.153.137.14\\\/dh9.493.myftpupload.com\\\/wp-content\\\/uploads\\\/2022\\\/05\\\/Capture-de\u0301cran-2022-05-30-a\u0300-09.41.50.jpg?time=1653897260\",\"width\":1396,\"height\":166,\"caption\":\"Webs of Influence\"},\"image\":{\"@id\":\"https:\\\/\\\/websofinfluence.com\\\/#\\\/schema\\\/logo\\\/image\\\/\"}}]}<\/script>\n<!-- \/ Yoast SEO plugin. -->","yoast_head_json":{"title":"Avviso legale - Reti di influenza","robots":{"index":"index","follow":"follow","max-snippet":"max-snippet:-1","max-image-preview":"max-image-preview:large","max-video-preview":"max-video-preview:-1"},"canonical":"https:\/\/websofinfluence.com\/it\/appoggi\/","og_locale":"it_IT","og_type":"article","og_title":"Mentions l\u00e9gales - Webs of Influence","og_description":"IDENTIT\u00c9 Nom du site web : WebsofInfluence Adresse du site : https:\/\/websofinfluence.com\/ H\u00e9bergement : Godaddy &#8211; 14455 N. Hayden Rd., Ste. 226, Scottsdale, USA PROPRI\u00c9TAIRE &amp; RESPONSABLE DE PUBLICATION CONDITIONS D\u2019UTILISATION L\u2019utilisation du pr\u00e9sent site implique l\u2019acceptation pleine et enti\u00e8re des conditions g\u00e9n\u00e9rales d\u2019utilisation d\u00e9crites ci-apr\u00e8s. Ces conditions d\u2019utilisation sont susceptibles d\u2019\u00eatre modifi\u00e9es ou compl\u00e9t\u00e9es [&hellip;]","og_url":"https:\/\/websofinfluence.com\/it\/appoggi\/","og_site_name":"Webs of Influence","article_modified_time":"2022-09-29T07:58:55+00:00","og_image":[{"url":"https:\/\/websofinfluence.com\/wp-content\/uploads\/2022\/09\/img222.jpg","type":"","width":"","height":""}],"twitter_card":"summary_large_image","twitter_misc":{"Tempo di lettura stimato":"3 minuti"},"schema":{"@context":"https:\/\/schema.org","@graph":[{"@type":"WebPage","@id":"https:\/\/websofinfluence.com\/mentions-legales\/","url":"https:\/\/websofinfluence.com\/mentions-legales\/","name":"Avviso legale - Reti di influenza","isPartOf":{"@id":"https:\/\/websofinfluence.com\/#website"},"primaryImageOfPage":{"@id":"https:\/\/websofinfluence.com\/mentions-legales\/#primaryimage"},"image":{"@id":"https:\/\/websofinfluence.com\/mentions-legales\/#primaryimage"},"thumbnailUrl":"https:\/\/websofinfluence.com\/wp-content\/uploads\/2022\/09\/img222.jpg","datePublished":"2022-09-29T07:58:14+00:00","dateModified":"2022-09-29T07:58:55+00:00","breadcrumb":{"@id":"https:\/\/websofinfluence.com\/mentions-legales\/#breadcrumb"},"inLanguage":"it-IT","potentialAction":[{"@type":"ReadAction","target":["https:\/\/websofinfluence.com\/mentions-legales\/"]}]},{"@type":"ImageObject","inLanguage":"it-IT","@id":"https:\/\/websofinfluence.com\/mentions-legales\/#primaryimage","url":"https:\/\/websofinfluence.com\/wp-content\/uploads\/2022\/09\/img222.jpg","contentUrl":"https:\/\/websofinfluence.com\/wp-content\/uploads\/2022\/09\/img222.jpg"},{"@type":"BreadcrumbList","@id":"https:\/\/websofinfluence.com\/mentions-legales\/#breadcrumb","itemListElement":[{"@type":"ListItem","position":1,"name":"Accueil","item":"https:\/\/websofinfluence.com\/"},{"@type":"ListItem","position":2,"name":"Mentions l\u00e9gales"}]},{"@type":"WebSite","@id":"https:\/\/websofinfluence.com\/#website","url":"https:\/\/websofinfluence.com\/","name":"Reti di influenza","description":"Suggerimenti per i creatori di contenuti","publisher":{"@id":"https:\/\/websofinfluence.com\/#organization"},"potentialAction":[{"@type":"SearchAction","target":{"@type":"EntryPoint","urlTemplate":"https:\/\/websofinfluence.com\/?s={search_term_string}"},"query-input":{"@type":"PropertyValueSpecification","valueRequired":true,"valueName":"search_term_string"}}],"inLanguage":"it-IT"},{"@type":"Organization","@id":"https:\/\/websofinfluence.com\/#organization","name":"Reti di influenza","url":"https:\/\/websofinfluence.com\/","logo":{"@type":"ImageObject","inLanguage":"it-IT","@id":"https:\/\/websofinfluence.com\/#\/schema\/logo\/image\/","url":"https:\/\/secureservercdn.net\/160.153.137.14\/dh9.493.myftpupload.com\/wp-content\/uploads\/2022\/05\/Capture-de\u0301cran-2022-05-30-a\u0300-09.41.50.jpg?time=1653897260","contentUrl":"https:\/\/secureservercdn.net\/160.153.137.14\/dh9.493.myftpupload.com\/wp-content\/uploads\/2022\/05\/Capture-de\u0301cran-2022-05-30-a\u0300-09.41.50.jpg?time=1653897260","width":1396,"height":166,"caption":"Webs of Influence"},"image":{"@id":"https:\/\/websofinfluence.com\/#\/schema\/logo\/image\/"}}]}},"_links":{"self":[{"href":"https:\/\/websofinfluence.com\/it\/wp-json\/wp\/v2\/pages\/232","targetHints":{"allow":["GET"]}}],"collection":[{"href":"https:\/\/websofinfluence.com\/it\/wp-json\/wp\/v2\/pages"}],"about":[{"href":"https:\/\/websofinfluence.com\/it\/wp-json\/wp\/v2\/types\/page"}],"author":[{"embeddable":true,"href":"https:\/\/websofinfluence.com\/it\/wp-json\/wp\/v2\/users\/1"}],"replies":[{"embeddable":true,"href":"https:\/\/websofinfluence.com\/it\/wp-json\/wp\/v2\/comments?post=232"}],"version-history":[{"count":2,"href":"https:\/\/websofinfluence.com\/it\/wp-json\/wp\/v2\/pages\/232\/revisions"}],"predecessor-version":[{"id":235,"href":"https:\/\/websofinfluence.com\/it\/wp-json\/wp\/v2\/pages\/232\/revisions\/235"}],"wp:attachment":[{"href":"https:\/\/websofinfluence.com\/it\/wp-json\/wp\/v2\/media?parent=232"}],"curies":[{"name":"wp","href":"https:\/\/api.w.org\/{rel}","templated":true}]}}