{"id":45,"date":"2022-05-30T08:46:34","date_gmt":"2022-05-30T08:46:34","guid":{"rendered":"https:\/\/websofinfluence.com\/?page_id=45"},"modified":"2024-10-06T06:23:59","modified_gmt":"2024-10-06T06:23:59","slug":"astuces-pour-createurs-de-contenu","status":"publish","type":"page","link":"https:\/\/websofinfluence.com\/it\/","title":{"rendered":"Suggerimenti per i creatori di contenuti"},"content":{"rendered":"<p>[et_pb_section fb_built=\u00a0\u00bb1&Prime; _builder_version=\u00a0\u00bb4.10.8&Prime; _module_preset=\u00a0\u00bbdefault\u00a0\u00bb custom_padding=\u00a0\u00bb18px||17px|||\u00a0\u00bb global_colors_info=\u00a0\u00bb{}\u00a0\u00bb][et_pb_row _builder_version=\u00a0\u00bb4.10.8&Prime; _module_preset=\u00a0\u00bbdefault\u00a0\u00bb global_colors_info=\u00a0\u00bb{}\u00a0\u00bb][et_pb_column type=\u00a0\u00bb4_4&Prime; _builder_version=\u00a0\u00bb4.10.8&Prime; _module_preset=\u00a0\u00bbdefault\u00a0\u00bb global_colors_info=\u00a0\u00bb{}\u00a0\u00bb][et_pb_text _builder_version=\u00a0\u00bb4.10.8&Prime; _module_preset=\u00a0\u00bbdefault\u00a0\u00bb text_font_size=\u00a0\u00bb20px\u00a0\u00bb width=\u00a0\u00bb74%\u00a0\u00bb width_tablet=\u00a0\u00bb95%\u00a0\u00bb width_phone=\u00a0\u00bb95%\u00a0\u00bb width_last_edited=\u00a0\u00bbon|tablet\u00a0\u00bb module_alignment=\u00a0\u00bbcenter\u00a0\u00bb hover_enabled=\u00a0\u00bb0&Prime; global_colors_info=\u00a0\u00bb{}\u00a0\u00bb sticky_enabled=\u00a0\u00bb0&Prime;]<\/p>\n<p style=\"text-align: center;\"><strong>Nous aidons les cr\u00e9ateurs de contenu \u00e0 atteindre une audience plus grande, \u00e0 gagner plus d&rsquo;argent et \u00e0 devenir de meilleurs influenceurs.<\/strong><\/p>\n<p>[\/et_pb_text][\/et_pb_column][\/et_pb_row][\/et_pb_section][et_pb_section fb_built=\u00a0\u00bb1&Prime; _builder_version=\u00a0\u00bb4.10.8&Prime; _module_preset=\u00a0\u00bbdefault\u00a0\u00bb custom_padding=\u00a0\u00bb9px|||||\u00a0\u00bb global_colors_info=\u00a0\u00bb{}\u00a0\u00bb][et_pb_row _builder_version=\u00a0\u00bb4.10.8&Prime; _module_preset=\u00a0\u00bbdefault\u00a0\u00bb global_colors_info=\u00a0\u00bb{}\u00a0\u00bb][et_pb_column type=\u00a0\u00bb4_4&Prime; _builder_version=\u00a0\u00bb4.10.8&Prime; _module_preset=\u00a0\u00bbdefault\u00a0\u00bb global_colors_info=\u00a0\u00bb{}\u00a0\u00bb][et_pb_text _builder_version=\u00a0\u00bb4.10.8&Prime; _module_preset=\u00a0\u00bbdefault\u00a0\u00bb global_colors_info=\u00a0\u00bb{}\u00a0\u00bb]<\/p>\n<h2 style=\"text-align: center;\"><strong>Nos derniers articles<\/strong><\/h2>\n<p>[\/et_pb_text][et_pb_blog fullwidth=\u00a0\u00bboff\u00a0\u00bb posts_number=\u00a0\u00bb20&Prime; show_author=\u00a0\u00bboff\u00a0\u00bb show_categories=\u00a0\u00bboff\u00a0\u00bb _builder_version=\u00a0\u00bb4.10.8&Prime; _module_preset=\u00a0\u00bbdefault\u00a0\u00bb header_font=\u00a0\u00bbMontserrat||||||||\u00a0\u00bb border_radii=\u00a0\u00bbon|10px|10px|10px|10px\u00a0\u00bb border_width_all=\u00a0\u00bb0px\u00a0\u00bb box_shadow_style=\u00a0\u00bbpreset1&Prime; global_colors_info=\u00a0\u00bb{}\u00a0\u00bb][\/et_pb_blog][\/et_pb_column][\/et_pb_row][\/et_pb_section]<\/p>\n","protected":false},"excerpt":{"rendered":"<p>Aiutiamo i creatori di contenuti a raggiungere un pubblico pi\u00f9 vasto, a guadagnare di pi\u00f9 e a diventare migliori influencer.I nostri ultimi articoli<\/p>","protected":false},"author":1,"featured_media":0,"parent":0,"menu_order":0,"comment_status":"closed","ping_status":"closed","template":"","meta":{"_et_pb_use_builder":"on","_et_pb_old_content":"","_et_gb_content_width":"","_coblocks_attr":"","_coblocks_dimensions":"","_coblocks_responsive_height":"","_coblocks_accordion_ie_support":"","footnotes":""},"class_list":["post-45","page","type-page","status-publish","hentry"],"yoast_head":"<!-- This site is optimized with the Yoast SEO plugin v27.4 - https:\/\/yoast.com\/product\/yoast-seo-wordpress\/ -->\n<title>Astuces pour cr\u00e9ateurs de contenu - Webs of Influence<\/title>\n<meta name=\"robots\" content=\"index, follow, max-snippet:-1, max-image-preview:large, max-video-preview:-1\" \/>\n<link rel=\"canonical\" href=\"https:\/\/websofinfluence.com\/it\/\" \/>\n<meta property=\"og:locale\" content=\"it_IT\" \/>\n<meta property=\"og:type\" content=\"article\" \/>\n<meta property=\"og:title\" content=\"Astuces pour cr\u00e9ateurs de contenu - Webs of Influence\" \/>\n<meta property=\"og:description\" content=\"Nous aidons les cr\u00e9ateurs de contenu \u00e0 atteindre une audience plus grande, \u00e0 gagner plus d&#039;argent et \u00e0 devenir de meilleurs influenceurs.Nos derniers articles\" \/>\n<meta property=\"og:url\" content=\"https:\/\/websofinfluence.com\/it\/\" \/>\n<meta property=\"og:site_name\" content=\"Webs of Influence\" \/>\n<meta property=\"article:modified_time\" content=\"2024-10-06T06:23:59+00:00\" \/>\n<meta name=\"twitter:card\" content=\"summary_large_image\" \/>\n<script type=\"application\/ld+json\" class=\"yoast-schema-graph\">{\"@context\":\"https:\\\/\\\/schema.org\",\"@graph\":[{\"@type\":\"WebPage\",\"@id\":\"https:\\\/\\\/websofinfluence.com\\\/\",\"url\":\"https:\\\/\\\/websofinfluence.com\\\/\",\"name\":\"Astuces pour cr\u00e9ateurs de contenu - Webs of Influence\",\"isPartOf\":{\"@id\":\"https:\\\/\\\/websofinfluence.com\\\/#website\"},\"datePublished\":\"2022-05-30T08:46:34+00:00\",\"dateModified\":\"2024-10-06T06:23:59+00:00\",\"breadcrumb\":{\"@id\":\"https:\\\/\\\/websofinfluence.com\\\/#breadcrumb\"},\"inLanguage\":\"it-IT\",\"potentialAction\":[{\"@type\":\"ReadAction\",\"target\":[\"https:\\\/\\\/websofinfluence.com\\\/\"]}]},{\"@type\":\"BreadcrumbList\",\"@id\":\"https:\\\/\\\/websofinfluence.com\\\/#breadcrumb\",\"itemListElement\":[{\"@type\":\"ListItem\",\"position\":1,\"name\":\"Accueil\",\"item\":\"https:\\\/\\\/websofinfluence.com\\\/\"},{\"@type\":\"ListItem\",\"position\":2,\"name\":\"Astuces pour cr\u00e9ateurs de contenu\"}]},{\"@type\":\"WebSite\",\"@id\":\"https:\\\/\\\/websofinfluence.com\\\/#website\",\"url\":\"https:\\\/\\\/websofinfluence.com\\\/\",\"name\":\"Webs of Influence\",\"description\":\"Astuces pour createurs de contenu\",\"publisher\":{\"@id\":\"https:\\\/\\\/websofinfluence.com\\\/#organization\"},\"potentialAction\":[{\"@type\":\"SearchAction\",\"target\":{\"@type\":\"EntryPoint\",\"urlTemplate\":\"https:\\\/\\\/websofinfluence.com\\\/?s={search_term_string}\"},\"query-input\":{\"@type\":\"PropertyValueSpecification\",\"valueRequired\":true,\"valueName\":\"search_term_string\"}}],\"inLanguage\":\"it-IT\"},{\"@type\":\"Organization\",\"@id\":\"https:\\\/\\\/websofinfluence.com\\\/#organization\",\"name\":\"Webs of Influence\",\"url\":\"https:\\\/\\\/websofinfluence.com\\\/\",\"logo\":{\"@type\":\"ImageObject\",\"inLanguage\":\"it-IT\",\"@id\":\"https:\\\/\\\/websofinfluence.com\\\/#\\\/schema\\\/logo\\\/image\\\/\",\"url\":\"https:\\\/\\\/secureservercdn.net\\\/160.153.137.14\\\/dh9.493.myftpupload.com\\\/wp-content\\\/uploads\\\/2022\\\/05\\\/Capture-de\u0301cran-2022-05-30-a\u0300-09.41.50.jpg?time=1653897260\",\"contentUrl\":\"https:\\\/\\\/secureservercdn.net\\\/160.153.137.14\\\/dh9.493.myftpupload.com\\\/wp-content\\\/uploads\\\/2022\\\/05\\\/Capture-de\u0301cran-2022-05-30-a\u0300-09.41.50.jpg?time=1653897260\",\"width\":1396,\"height\":166,\"caption\":\"Webs of Influence\"},\"image\":{\"@id\":\"https:\\\/\\\/websofinfluence.com\\\/#\\\/schema\\\/logo\\\/image\\\/\"}}]}<\/script>\n<!-- \/ Yoast SEO plugin. -->","yoast_head_json":{"title":"Consigli per i creatori di contenuti - Webs of Influence","robots":{"index":"index","follow":"follow","max-snippet":"max-snippet:-1","max-image-preview":"max-image-preview:large","max-video-preview":"max-video-preview:-1"},"canonical":"https:\/\/websofinfluence.com\/it\/","og_locale":"it_IT","og_type":"article","og_title":"Astuces pour cr\u00e9ateurs de contenu - Webs of Influence","og_description":"Nous aidons les cr\u00e9ateurs de contenu \u00e0 atteindre une audience plus grande, \u00e0 gagner plus d'argent et \u00e0 devenir de meilleurs influenceurs.Nos derniers articles","og_url":"https:\/\/websofinfluence.com\/it\/","og_site_name":"Webs of Influence","article_modified_time":"2024-10-06T06:23:59+00:00","twitter_card":"summary_large_image","schema":{"@context":"https:\/\/schema.org","@graph":[{"@type":"WebPage","@id":"https:\/\/websofinfluence.com\/","url":"https:\/\/websofinfluence.com\/","name":"Consigli per i creatori di contenuti - Webs of Influence","isPartOf":{"@id":"https:\/\/websofinfluence.com\/#website"},"datePublished":"2022-05-30T08:46:34+00:00","dateModified":"2024-10-06T06:23:59+00:00","breadcrumb":{"@id":"https:\/\/websofinfluence.com\/#breadcrumb"},"inLanguage":"it-IT","potentialAction":[{"@type":"ReadAction","target":["https:\/\/websofinfluence.com\/"]}]},{"@type":"BreadcrumbList","@id":"https:\/\/websofinfluence.com\/#breadcrumb","itemListElement":[{"@type":"ListItem","position":1,"name":"Accueil","item":"https:\/\/websofinfluence.com\/"},{"@type":"ListItem","position":2,"name":"Astuces pour cr\u00e9ateurs de contenu"}]},{"@type":"WebSite","@id":"https:\/\/websofinfluence.com\/#website","url":"https:\/\/websofinfluence.com\/","name":"Reti di influenza","description":"Suggerimenti per i creatori di contenuti","publisher":{"@id":"https:\/\/websofinfluence.com\/#organization"},"potentialAction":[{"@type":"SearchAction","target":{"@type":"EntryPoint","urlTemplate":"https:\/\/websofinfluence.com\/?s={search_term_string}"},"query-input":{"@type":"PropertyValueSpecification","valueRequired":true,"valueName":"search_term_string"}}],"inLanguage":"it-IT"},{"@type":"Organization","@id":"https:\/\/websofinfluence.com\/#organization","name":"Reti di influenza","url":"https:\/\/websofinfluence.com\/","logo":{"@type":"ImageObject","inLanguage":"it-IT","@id":"https:\/\/websofinfluence.com\/#\/schema\/logo\/image\/","url":"https:\/\/secureservercdn.net\/160.153.137.14\/dh9.493.myftpupload.com\/wp-content\/uploads\/2022\/05\/Capture-de\u0301cran-2022-05-30-a\u0300-09.41.50.jpg?time=1653897260","contentUrl":"https:\/\/secureservercdn.net\/160.153.137.14\/dh9.493.myftpupload.com\/wp-content\/uploads\/2022\/05\/Capture-de\u0301cran-2022-05-30-a\u0300-09.41.50.jpg?time=1653897260","width":1396,"height":166,"caption":"Webs of Influence"},"image":{"@id":"https:\/\/websofinfluence.com\/#\/schema\/logo\/image\/"}}]}},"_links":{"self":[{"href":"https:\/\/websofinfluence.com\/it\/wp-json\/wp\/v2\/pages\/45","targetHints":{"allow":["GET"]}}],"collection":[{"href":"https:\/\/websofinfluence.com\/it\/wp-json\/wp\/v2\/pages"}],"about":[{"href":"https:\/\/websofinfluence.com\/it\/wp-json\/wp\/v2\/types\/page"}],"author":[{"embeddable":true,"href":"https:\/\/websofinfluence.com\/it\/wp-json\/wp\/v2\/users\/1"}],"replies":[{"embeddable":true,"href":"https:\/\/websofinfluence.com\/it\/wp-json\/wp\/v2\/comments?post=45"}],"version-history":[{"count":6,"href":"https:\/\/websofinfluence.com\/it\/wp-json\/wp\/v2\/pages\/45\/revisions"}],"predecessor-version":[{"id":363,"href":"https:\/\/websofinfluence.com\/it\/wp-json\/wp\/v2\/pages\/45\/revisions\/363"}],"wp:attachment":[{"href":"https:\/\/websofinfluence.com\/it\/wp-json\/wp\/v2\/media?parent=45"}],"curies":[{"name":"wp","href":"https:\/\/api.w.org\/{rel}","templated":true}]}}